{"id":1760,"date":"2025-03-17T14:36:54","date_gmt":"2025-03-17T14:36:54","guid":{"rendered":"https:\/\/aqua-buffalo-939192.hostingersite.com\/?page_id=1760"},"modified":"2025-03-17T14:36:54","modified_gmt":"2025-03-17T14:36:54","slug":"politica-de-privacidade","status":"publish","type":"page","link":"https:\/\/zetoconsultoria.com\/lp\/politica-de-privacidade\/","title":{"rendered":"Pol\u00edtica de Privacidade"},"content":{"rendered":"\n<p>A prote\u00e7\u00e3o dos seus dados pessoais e a sua privacidade s\u00e3o muito importantes para n\u00f3s da ZET\u00d3 CONSULTORIA. Por isso desejamos que voc\u00ea tenha informa\u00e7\u00f5es sobre como coletamos e tratamos os seus pessoais acessando a nossa Pol\u00edtica de Privacidade, dispon\u00edvel no link: https:\/\/www.zetoconsultoria.com\/politica-de-privacidade\/<\/p>\n\n\n\n<p>Ao prosseguir e preencher o formul\u00e1rio, voc\u00ea est\u00e1 nos AUTORIZANDO o tratamento dos dados pessoais registrados para entrar em contato e apresentar melhor nossos servi\u00e7os. bem como concordando com nossa Pol\u00edtica de Privacidade, na qual cada coleta de dado tem sua hip\u00f3tese legal definida de acordo com a LGPD.&nbsp;&nbsp;<\/p>\n\n\n\n<p>A qualquer momento voc\u00ea poder\u00e1 entrar em contato conosco para dirimir d\u00favidas sobre seus dados pessoais por meio do e-mail:&nbsp; contato@zetoconsultoria.com para exercer seus direitos relacionados \u00e0 prote\u00e7\u00e3o de dados pessoais.<\/p>\n\n\n\n<p><\/p>\n","protected":false},"excerpt":{"rendered":"<p>A prote\u00e7\u00e3o dos seus dados pessoais e a sua privacidade s\u00e3o muito importantes para n\u00f3s da ZET\u00d3 CONSULTORIA. Por isso desejamos que voc\u00ea tenha informa\u00e7\u00f5es sobre como coletamos e tratamos os seus pessoais acessando a nossa Pol\u00edtica de Privacidade, dispon\u00edvel no link: https:\/\/www.zetoconsultoria.com\/politica-de-privacidade\/ Ao prosseguir e preencher o formul\u00e1rio, voc\u00ea est\u00e1 nos AUTORIZANDO o tratamento [&hellip;]<\/p>\n","protected":false},"author":1,"featured_media":0,"parent":0,"menu_order":0,"comment_status":"closed","ping_status":"closed","template":"","meta":{"iawp_total_views":23,"footnotes":""},"class_list":["post-1760","page","type-page","status-publish","hentry"],"blocksy_meta":[],"yoast_head":"<!-- This site is optimized with the Yoast SEO plugin v27.2 - https:\/\/yoast.com\/product\/yoast-seo-wordpress\/ -->\n<title>Pol\u00edtica de Privacidade - Zeto Consultoria LGPD Proteja seus dados Proteja seu futuro<\/title>\n<meta name=\"robots\" content=\"index, follow, max-snippet:-1, max-image-preview:large, max-video-preview:-1\" \/>\n<link rel=\"canonical\" href=\"https:\/\/zetoconsultoria.com\/lp\/politica-de-privacidade\/\" \/>\n<meta property=\"og:locale\" content=\"pt_BR\" \/>\n<meta property=\"og:type\" content=\"article\" \/>\n<meta property=\"og:title\" content=\"Pol\u00edtica de Privacidade - Zeto Consultoria LGPD Proteja seus dados Proteja seu futuro\" \/>\n<meta property=\"og:description\" content=\"A prote\u00e7\u00e3o dos seus dados pessoais e a sua privacidade s\u00e3o muito importantes para n\u00f3s da ZET\u00d3 CONSULTORIA. Por isso desejamos que voc\u00ea tenha informa\u00e7\u00f5es sobre como coletamos e tratamos os seus pessoais acessando a nossa Pol\u00edtica de Privacidade, dispon\u00edvel no link: https:\/\/www.zetoconsultoria.com\/politica-de-privacidade\/ Ao prosseguir e preencher o formul\u00e1rio, voc\u00ea est\u00e1 nos AUTORIZANDO o tratamento [&hellip;]\" \/>\n<meta property=\"og:url\" content=\"https:\/\/zetoconsultoria.com\/lp\/politica-de-privacidade\/\" \/>\n<meta property=\"og:site_name\" content=\"Zeto Consultoria LGPD Proteja seus dados Proteja seu futuro\" \/>\n<meta name=\"twitter:card\" content=\"summary_large_image\" \/>\n<meta name=\"twitter:label1\" content=\"Est. tempo de leitura\" \/>\n\t<meta name=\"twitter:data1\" content=\"1 minuto\" \/>\n<script type=\"application\/ld+json\" class=\"yoast-schema-graph\">{\"@context\":\"https:\/\/schema.org\",\"@graph\":[{\"@type\":\"WebPage\",\"@id\":\"https:\/\/zetoconsultoria.com\/lp\/politica-de-privacidade\/\",\"url\":\"https:\/\/zetoconsultoria.com\/lp\/politica-de-privacidade\/\",\"name\":\"Pol\u00edtica de Privacidade - Zeto Consultoria LGPD Proteja seus dados Proteja seu futuro\",\"isPartOf\":{\"@id\":\"https:\/\/zetoconsultoria.com\/lp\/#website\"},\"datePublished\":\"2025-03-17T14:36:54+00:00\",\"breadcrumb\":{\"@id\":\"https:\/\/zetoconsultoria.com\/lp\/politica-de-privacidade\/#breadcrumb\"},\"inLanguage\":\"pt-BR\",\"potentialAction\":[{\"@type\":\"ReadAction\",\"target\":[\"https:\/\/zetoconsultoria.com\/lp\/politica-de-privacidade\/\"]}]},{\"@type\":\"BreadcrumbList\",\"@id\":\"https:\/\/zetoconsultoria.com\/lp\/politica-de-privacidade\/#breadcrumb\",\"itemListElement\":[{\"@type\":\"ListItem\",\"position\":1,\"name\":\"In\u00edcio\",\"item\":\"https:\/\/zetoconsultoria.com\/lp\/\"},{\"@type\":\"ListItem\",\"position\":2,\"name\":\"Pol\u00edtica de Privacidade\"}]},{\"@type\":\"WebSite\",\"@id\":\"https:\/\/zetoconsultoria.com\/lp\/#website\",\"url\":\"https:\/\/zetoconsultoria.com\/lp\/\",\"name\":\"Zeto Consultoria Proteja seus dados Proteja seu futuro\",\"description\":\"Zeto Consultoria\",\"publisher\":{\"@id\":\"https:\/\/zetoconsultoria.com\/lp\/#organization\"},\"potentialAction\":[{\"@type\":\"SearchAction\",\"target\":{\"@type\":\"EntryPoint\",\"urlTemplate\":\"https:\/\/zetoconsultoria.com\/lp\/?s={search_term_string}\"},\"query-input\":{\"@type\":\"PropertyValueSpecification\",\"valueRequired\":true,\"valueName\":\"search_term_string\"}}],\"inLanguage\":\"pt-BR\"},{\"@type\":\"Organization\",\"@id\":\"https:\/\/zetoconsultoria.com\/lp\/#organization\",\"name\":\"Zeto Consultoria Evite san\u00e7\u00f5es, proteja sua reputa\u00e7\u00e3o e assegure a integridade das informa\u00e7\u00f5es da sua empresa.\",\"url\":\"https:\/\/zetoconsultoria.com\/lp\/\",\"logo\":{\"@type\":\"ImageObject\",\"inLanguage\":\"pt-BR\",\"@id\":\"https:\/\/zetoconsultoria.com\/lp\/#\/schema\/logo\/image\/\",\"url\":\"https:\/\/zetoconsultoria.com\/lp\/wp-content\/uploads\/2024\/10\/Logo-Zeto-1.webp\",\"contentUrl\":\"https:\/\/zetoconsultoria.com\/lp\/wp-content\/uploads\/2024\/10\/Logo-Zeto-1.webp\",\"width\":2109,\"height\":554,\"caption\":\"Zeto Consultoria Evite san\u00e7\u00f5es, proteja sua reputa\u00e7\u00e3o e assegure a integridade das informa\u00e7\u00f5es da sua empresa.\"},\"image\":{\"@id\":\"https:\/\/zetoconsultoria.com\/lp\/#\/schema\/logo\/image\/\"}}]}<\/script>\n<!-- \/ Yoast SEO plugin. -->","yoast_head_json":{"title":"Pol\u00edtica de Privacidade - Zeto Consultoria LGPD Proteja seus dados Proteja seu futuro","robots":{"index":"index","follow":"follow","max-snippet":"max-snippet:-1","max-image-preview":"max-image-preview:large","max-video-preview":"max-video-preview:-1"},"canonical":"https:\/\/zetoconsultoria.com\/lp\/politica-de-privacidade\/","og_locale":"pt_BR","og_type":"article","og_title":"Pol\u00edtica de Privacidade - Zeto Consultoria LGPD Proteja seus dados Proteja seu futuro","og_description":"A prote\u00e7\u00e3o dos seus dados pessoais e a sua privacidade s\u00e3o muito importantes para n\u00f3s da ZET\u00d3 CONSULTORIA. Por isso desejamos que voc\u00ea tenha informa\u00e7\u00f5es sobre como coletamos e tratamos os seus pessoais acessando a nossa Pol\u00edtica de Privacidade, dispon\u00edvel no link: https:\/\/www.zetoconsultoria.com\/politica-de-privacidade\/ Ao prosseguir e preencher o formul\u00e1rio, voc\u00ea est\u00e1 nos AUTORIZANDO o tratamento [&hellip;]","og_url":"https:\/\/zetoconsultoria.com\/lp\/politica-de-privacidade\/","og_site_name":"Zeto Consultoria LGPD Proteja seus dados Proteja seu futuro","twitter_card":"summary_large_image","twitter_misc":{"Est. tempo de leitura":"1 minuto"},"schema":{"@context":"https:\/\/schema.org","@graph":[{"@type":"WebPage","@id":"https:\/\/zetoconsultoria.com\/lp\/politica-de-privacidade\/","url":"https:\/\/zetoconsultoria.com\/lp\/politica-de-privacidade\/","name":"Pol\u00edtica de Privacidade - Zeto Consultoria LGPD Proteja seus dados Proteja seu futuro","isPartOf":{"@id":"https:\/\/zetoconsultoria.com\/lp\/#website"},"datePublished":"2025-03-17T14:36:54+00:00","breadcrumb":{"@id":"https:\/\/zetoconsultoria.com\/lp\/politica-de-privacidade\/#breadcrumb"},"inLanguage":"pt-BR","potentialAction":[{"@type":"ReadAction","target":["https:\/\/zetoconsultoria.com\/lp\/politica-de-privacidade\/"]}]},{"@type":"BreadcrumbList","@id":"https:\/\/zetoconsultoria.com\/lp\/politica-de-privacidade\/#breadcrumb","itemListElement":[{"@type":"ListItem","position":1,"name":"In\u00edcio","item":"https:\/\/zetoconsultoria.com\/lp\/"},{"@type":"ListItem","position":2,"name":"Pol\u00edtica de Privacidade"}]},{"@type":"WebSite","@id":"https:\/\/zetoconsultoria.com\/lp\/#website","url":"https:\/\/zetoconsultoria.com\/lp\/","name":"Zeto Consultoria Proteja seus dados Proteja seu futuro","description":"Zeto Consultoria","publisher":{"@id":"https:\/\/zetoconsultoria.com\/lp\/#organization"},"potentialAction":[{"@type":"SearchAction","target":{"@type":"EntryPoint","urlTemplate":"https:\/\/zetoconsultoria.com\/lp\/?s={search_term_string}"},"query-input":{"@type":"PropertyValueSpecification","valueRequired":true,"valueName":"search_term_string"}}],"inLanguage":"pt-BR"},{"@type":"Organization","@id":"https:\/\/zetoconsultoria.com\/lp\/#organization","name":"Zeto Consultoria Evite san\u00e7\u00f5es, proteja sua reputa\u00e7\u00e3o e assegure a integridade das informa\u00e7\u00f5es da sua empresa.","url":"https:\/\/zetoconsultoria.com\/lp\/","logo":{"@type":"ImageObject","inLanguage":"pt-BR","@id":"https:\/\/zetoconsultoria.com\/lp\/#\/schema\/logo\/image\/","url":"https:\/\/zetoconsultoria.com\/lp\/wp-content\/uploads\/2024\/10\/Logo-Zeto-1.webp","contentUrl":"https:\/\/zetoconsultoria.com\/lp\/wp-content\/uploads\/2024\/10\/Logo-Zeto-1.webp","width":2109,"height":554,"caption":"Zeto Consultoria Evite san\u00e7\u00f5es, proteja sua reputa\u00e7\u00e3o e assegure a integridade das informa\u00e7\u00f5es da sua empresa."},"image":{"@id":"https:\/\/zetoconsultoria.com\/lp\/#\/schema\/logo\/image\/"}}]}},"_links":{"self":[{"href":"https:\/\/zetoconsultoria.com\/lp\/wp-json\/wp\/v2\/pages\/1760","targetHints":{"allow":["GET"]}}],"collection":[{"href":"https:\/\/zetoconsultoria.com\/lp\/wp-json\/wp\/v2\/pages"}],"about":[{"href":"https:\/\/zetoconsultoria.com\/lp\/wp-json\/wp\/v2\/types\/page"}],"author":[{"embeddable":true,"href":"https:\/\/zetoconsultoria.com\/lp\/wp-json\/wp\/v2\/users\/1"}],"replies":[{"embeddable":true,"href":"https:\/\/zetoconsultoria.com\/lp\/wp-json\/wp\/v2\/comments?post=1760"}],"version-history":[{"count":1,"href":"https:\/\/zetoconsultoria.com\/lp\/wp-json\/wp\/v2\/pages\/1760\/revisions"}],"predecessor-version":[{"id":1761,"href":"https:\/\/zetoconsultoria.com\/lp\/wp-json\/wp\/v2\/pages\/1760\/revisions\/1761"}],"wp:attachment":[{"href":"https:\/\/zetoconsultoria.com\/lp\/wp-json\/wp\/v2\/media?parent=1760"}],"curies":[{"name":"wp","href":"https:\/\/api.w.org\/{rel}","templated":true}]}}